{"id":113,"date":"2022-01-28T09:17:39","date_gmt":"2022-01-28T09:17:39","guid":{"rendered":"https:\/\/wpriverthemes.com\/tandaelem\/?page_id=113"},"modified":"2023-05-19T07:52:54","modified_gmt":"2023-05-19T07:52:54","slug":"trayectoria","status":"publish","type":"page","link":"https:\/\/kitdigital.avanzadi.com\/firenze_web\/trayectoria\/","title":{"rendered":"Trayectoria"},"content":{"rendered":"\t\t<div data-elementor-type=\"wp-page\" data-elementor-id=\"113\" class=\"elementor elementor-113\">\n\t\t\t\t\t\t\t\t\t<section class=\"elementor-section elementor-top-section elementor-element elementor-element-29921a2 elementor-section-full_width elementor-section-height-default elementor-section-height-default\" data-id=\"29921a2\" data-element_type=\"section\">\n\t\t\t\t\t\t<div class=\"elementor-container elementor-column-gap-no\">\n\t\t\t\t\t<div class=\"elementor-column elementor-col-100 elementor-top-column elementor-element elementor-element-eee7849\" data-id=\"eee7849\" data-element_type=\"column\">\n\t\t\t<div class=\"elementor-widget-wrap elementor-element-populated\">\n\t\t\t\t\t\t\t\t<div class=\"elementor-element elementor-element-b270aee elementor-widget elementor-widget-work_about\" data-id=\"b270aee\" data-element_type=\"widget\" id=\"seccionPorque\" data-widget_type=\"work_about.default\">\n\t\t\t\t<div class=\"elementor-widget-container\">\n\t\t\t\n\n        <!-- Start Works About \n    ============================================= -->\n    <div class=\"works-about-area overflow-hidden\">\n        <div class=\"container\">\n            <div class=\"works-about-items default-padding\">\n                <div class=\"row align-center\">\n                    <div class=\"col-lg-6 info\">\n                        <h5><\/h5>\n                        <h2>\u00bfPor qu\u00e9 CPFF?<br><\/h2>\n                        <p>\n                             El Equipo Gestor de CPFF acredita una trayectoria de m\u00e1s de 35 a\u00f1os de experiencia apoyando a PYMES y GRANDES EMPRESAS en proyectos de Inversi\u00f3n a nivel industrial, comercial, log\u00edstico y terciario abarcando numerosos sectores, como Agr\u00edcola- industrial- terciario, log\u00edstico, hotelero etc. \n\nEl valor de la inversi\u00f3n de los proyectos desarrollados por la experiencia del Equipo de CPFF* en el citado per\u00edodo asciende a m\u00e1s de 500MM de euros aproximadamente de manera personal y profesional en entidades financieras y otras CIAS. <\/p>\n                        <ul>\n                                                        <li>\n                                <h5>World Class Worker<\/h5>\n                            <\/li>\n                                                    <\/ul>\n                                            <\/div>\n                    <div class=\"col-lg-6\">\n                        <div class=\"thumb\">\n                            <img decoding=\"async\" src=\"https:\/\/kitdigital.avanzadi.com\/firenze_web\/wp-content\/uploads\/2023\/05\/fonfoFirenze.jpg\" alt=\"Thumb\">\n                            <div class=\"fun-fact\">\n                                <div class=\"timer\" data-to=\"\" data-speed=\"5000\"><\/div>\n                                <span class=\"medium\">M\u00e1s de 35 a\u00f1os de experiencia<\/span>\n                            <\/div>\n                        <\/div>\n                    <\/div>\n                <\/div>\n            <\/div>\n        <\/div>\n    <\/div>\n    <!-- End Works About Area -->\n       \n\n    \t\t<\/div>\n\t\t\t\t<\/div>\n\t\t\t\t\t<\/div>\n\t\t<\/div>\n\t\t\t\t\t\t\t<\/div>\n\t\t<\/section>\n\t\t\t\t\t\t\t<\/div>\n\t\t","protected":false},"excerpt":{"rendered":"<p>\u00bfPor qu\u00e9 CPFF? El Equipo Gestor de CPFF acredita una trayectoria de m\u00e1s de 35 a\u00f1os de experiencia apoyando a PYMES y GRANDES EMPRESAS en proyectos de Inversi\u00f3n a nivel industrial, comercial, log\u00edstico y terciario abarcando numerosos sectores, como Agr\u00edcola- industrial- terciario, log\u00edstico, hotelero etc. El valor de la inversi\u00f3n de los proyectos desarrollados por [&hellip;]<\/p>\n","protected":false},"author":1,"featured_media":1656,"parent":0,"menu_order":0,"comment_status":"closed","ping_status":"closed","template":"page-templates\/pages-image.php","meta":{"footnotes":""},"class_list":["post-113","page","type-page","status-publish","has-post-thumbnail","hentry"],"_links":{"self":[{"href":"https:\/\/kitdigital.avanzadi.com\/firenze_web\/wp-json\/wp\/v2\/pages\/113","targetHints":{"allow":["GET"]}}],"collection":[{"href":"https:\/\/kitdigital.avanzadi.com\/firenze_web\/wp-json\/wp\/v2\/pages"}],"about":[{"href":"https:\/\/kitdigital.avanzadi.com\/firenze_web\/wp-json\/wp\/v2\/types\/page"}],"author":[{"embeddable":true,"href":"https:\/\/kitdigital.avanzadi.com\/firenze_web\/wp-json\/wp\/v2\/users\/1"}],"replies":[{"embeddable":true,"href":"https:\/\/kitdigital.avanzadi.com\/firenze_web\/wp-json\/wp\/v2\/comments?post=113"}],"version-history":[{"count":12,"href":"https:\/\/kitdigital.avanzadi.com\/firenze_web\/wp-json\/wp\/v2\/pages\/113\/revisions"}],"predecessor-version":[{"id":1668,"href":"https:\/\/kitdigital.avanzadi.com\/firenze_web\/wp-json\/wp\/v2\/pages\/113\/revisions\/1668"}],"wp:featuredmedia":[{"embeddable":true,"href":"https:\/\/kitdigital.avanzadi.com\/firenze_web\/wp-json\/wp\/v2\/media\/1656"}],"wp:attachment":[{"href":"https:\/\/kitdigital.avanzadi.com\/firenze_web\/wp-json\/wp\/v2\/media?parent=113"}],"curies":[{"name":"wp","href":"https:\/\/api.w.org\/{rel}","templated":true}]}}