{"id":1715,"date":"2023-05-19T09:17:52","date_gmt":"2023-05-19T09:17:52","guid":{"rendered":"https:\/\/kitdigital.avanzadi.com\/firenze_web\/?page_id=1715"},"modified":"2023-07-27T08:10:39","modified_gmt":"2023-07-27T08:10:39","slug":"commercial-real-state","status":"publish","type":"page","link":"https:\/\/kitdigital.avanzadi.com\/firenze_web\/commercial-real-state\/","title":{"rendered":"Commercial Real State"},"content":{"rendered":"\t\t<div data-elementor-type=\"wp-page\" data-elementor-id=\"1715\" class=\"elementor elementor-1715\">\n\t\t\t\t\t\t\t\t\t<section class=\"elementor-section elementor-top-section elementor-element elementor-element-a90cac2 elementor-section-boxed elementor-section-height-default elementor-section-height-default\" data-id=\"a90cac2\" data-element_type=\"section\">\n\t\t\t\t\t\t<div class=\"elementor-container elementor-column-gap-default\">\n\t\t\t\t\t<div class=\"elementor-column elementor-col-100 elementor-top-column elementor-element elementor-element-a74239c\" data-id=\"a74239c\" data-element_type=\"column\">\n\t\t\t<div class=\"elementor-widget-wrap elementor-element-populated\">\n\t\t\t\t\t\t\t\t<div class=\"elementor-element elementor-element-f1c6094 elementor-widget elementor-widget-text-editor\" data-id=\"f1c6094\" data-element_type=\"widget\" id=\"seccionTextoCommercial\" data-widget_type=\"text-editor.default\">\n\t\t\t\t<div class=\"elementor-widget-container\">\n\t\t\t<style>\/*! elementor - v3.13.2 - 11-05-2023 *\/\n.elementor-widget-text-editor.elementor-drop-cap-view-stacked .elementor-drop-cap{background-color:#69727d;color:#fff}.elementor-widget-text-editor.elementor-drop-cap-view-framed .elementor-drop-cap{color:#69727d;border:3px solid;background-color:transparent}.elementor-widget-text-editor:not(.elementor-drop-cap-view-default) .elementor-drop-cap{margin-top:8px}.elementor-widget-text-editor:not(.elementor-drop-cap-view-default) .elementor-drop-cap-letter{width:1em;height:1em}.elementor-widget-text-editor .elementor-drop-cap{float:left;text-align:center;line-height:1;font-size:50px}.elementor-widget-text-editor .elementor-drop-cap-letter{display:inline-block}<\/style>\t\t\t\t<p><strong><img loading=\"lazy\" decoding=\"async\" class=\"alignnone size-medium wp-image-1656 alignleft\" src=\"https:\/\/kitdigital.avanzadi.com\/firenze_web\/wp-content\/uploads\/2023\/05\/fonfoFirenze-300x138.jpg\" alt=\"\" width=\"300\" height=\"138\" srcset=\"https:\/\/kitdigital.avanzadi.com\/firenze_web\/wp-content\/uploads\/2023\/05\/fonfoFirenze-300x138.jpg 300w, https:\/\/kitdigital.avanzadi.com\/firenze_web\/wp-content\/uploads\/2023\/05\/fonfoFirenze-768x352.jpg 768w, https:\/\/kitdigital.avanzadi.com\/firenze_web\/wp-content\/uploads\/2023\/05\/fonfoFirenze-350x161.jpg 350w, https:\/\/kitdigital.avanzadi.com\/firenze_web\/wp-content\/uploads\/2023\/05\/fonfoFirenze-540x248.jpg 540w, https:\/\/kitdigital.avanzadi.com\/firenze_web\/wp-content\/uploads\/2023\/05\/fonfoFirenze-730x335.jpg 730w, https:\/\/kitdigital.avanzadi.com\/firenze_web\/wp-content\/uploads\/2023\/05\/fonfoFirenze.jpg 800w\" sizes=\"auto, (max-width: 300px) 100vw, 300px\" \/><br \/><\/strong><\/p><p><strong>ADJUNTAMOS PORTFOLIO DE OPERACIONES DE REAL STATE\u00a0 &#8211; HOTELERAS &#8211; RESIDENCIAL &#8211; TERCIARIO &#8211;\u00a0<\/strong><\/p><p><strong>SUELO RESIDENCIAL &#8211; LOG\u00cdSTICO E INMUEBLES LIGADOS A EXPLOTACI\u00d3N ECON\u00d3MICA (ILE) PAIS, ETC..<\/strong><\/p><p>WE ATTACH PORTFOLIO OF OPERATIONS OF REAL STATE &#8211; HOTEL &#8211; RESIDENTIAL &#8211; TERTIARY &#8211; RESIDENTIAL LAND &#8211;\u00a0 LOGISTICS AND REAL ESTATE LINKED TO ECONOMIC EXPLOITATION (ILE) &#8211; PAI &#8211; etc&#8230;<\/p>\t\t\t\t\t\t<\/div>\n\t\t\t\t<\/div>\n\t\t\t\t\t<\/div>\n\t\t<\/div>\n\t\t\t\t\t\t\t<\/div>\n\t\t<\/section>\n\t\t\t\t<section class=\"elementor-section elementor-top-section elementor-element elementor-element-c69eea6 elementor-section-boxed elementor-section-height-default elementor-section-height-default\" data-id=\"c69eea6\" data-element_type=\"section\">\n\t\t\t\t\t\t<div class=\"elementor-container elementor-column-gap-default\">\n\t\t\t\t\t<div class=\"elementor-column elementor-col-100 elementor-top-column elementor-element elementor-element-da6f3ae\" data-id=\"da6f3ae\" data-element_type=\"column\">\n\t\t\t<div class=\"elementor-widget-wrap elementor-element-populated\">\n\t\t\t\t\t\t\t\t<div class=\"elementor-element elementor-element-af1ef1f elementor-widget elementor-widget-services\" data-id=\"af1ef1f\" data-element_type=\"widget\" data-widget_type=\"services.default\">\n\t\t\t\t<div class=\"elementor-widget-container\">\n\t\t\t    \n    <!-- Start Services \n    ============================================= -->\n    <div class=\"service-area default-padding-bottom bottom-less bg-cover\">\n        <!-- Fixed Shape  -->\n        <div class=\"fixed-shape-left-top\">\n            <img decoding=\"async\" src=\"https:\/\/kitdigital.avanzadi.com\/firenze_web\/wp-content\/themes\/tanda\/img\/shape\/7.png\" alt=\"Shape\">\n        <\/div>\n        <!-- End Fixed Shape  -->\n                <div class=\"container\">\n            <div class=\"service-box\">\n                <div class=\"row\">\n                                        <!-- Single item -->\n                    \n                    <div class=\"col-lg-6 col-md-6 single-item\">\n                        <div class=\"item\">\n                            <div class=\"icon\">\n                                <i class=\"flaticon-cogwheel\"><\/i>\n                            <\/div>\n                            <div class=\"info\">\n                                <h4><a href=\"#\">Project Management<\/a><\/h4>\n                                <p>\n                                    Nuestro equipo ofrece un Project Management global en base a cada proyecto y diferenci\u00e1ndolo de manera individual cada uno de ellos; contando con profesionales internos y externos de primer nivel y con experiencia acreditada. Esto tiene consigo que nos apoyamos en equipos multidisciplinares y con libertad profesional de los mismos.                                <\/p>\n                            <\/div>\n                        <\/div>\n                    <\/div>\n                    <!-- End Single item -->\n\n                    <!-- Single item -->\n                    \n                    <div class=\"col-lg-6 col-md-6 single-item\">\n                        <div class=\"item\">\n                            <div class=\"icon\">\n                                <i class=\"flaticon-analysis-1\"><\/i>\n                            <\/div>\n                            <div class=\"info\">\n                                <h4><a href=\"\">CPFF<\/a><\/h4>\n                                <p>\n                                    CPFF aplica una metodolog\u00eda de trabajo orientada a la consecuci\u00f3n de los \u00e9xitos de las operaciones que lleva a cabo                                <\/p>\n                            <\/div>\n                        <\/div>\n                    <\/div>\n                    <!-- End Single item -->\n\n                    <!-- Single item -->\n                    \n                    <div class=\"col-lg-6 col-md-6 single-item\">\n                        <div class=\"item\">\n                            <div class=\"icon\">\n                                <i class=\"flaticon-reduction\"><\/i>\n                            <\/div>\n                            <div class=\"info\">\n                                <h4><a href=\"\">Inmuebles ligados a explotaci\u00f3n econ\u00f3mica<\/a><\/h4>\n                                <p>\n                                    Otro punto que desarrollamos con \u00e9xito y con m\u00e1s de 25 a\u00f1os de experiencia en presentar \u201cILE\u201d Inmuebles ligados a explotaci\u00f3n econ\u00f3mica; los cuales desarrollamos todo el proceso de operaci\u00f3n, desarrollo y vinculaci\u00f3n de contratos de renta con obligado cumplimiento y con rentabilidades por encima de los tipos de inter\u00e9s. ( tanto a nivel retail- terciario- oficina- industrial, log\u00edstico y hotelero y otros sectores hosteler\u00eda etc.).                                <\/p>\n                            <\/div>\n                        <\/div>\n                    <\/div>\n                    <!-- End Single item -->\n\n                    <!-- Single item -->\n                    \n                    <div class=\"col-lg-6 col-md-6 single-item\">\n                        <div class=\"item\">\n                            <div class=\"icon\">\n                                <i class=\"flaticon-interview\"><\/i>\n                            <\/div>\n                            <div class=\"info\">\n                                <h4><a href=\"\">Asesoramiento financiero<\/a><\/h4>\n                                <p>\n                                    Asesoramiento Financiero en Inversiones de Financiaci\u00f3n tanto de Activo como de Pasivo.                                <\/p>\n                            <\/div>\n                        <\/div>\n                    <\/div>\n                    <!-- End Single item -->\n\n\n                <\/div>\n            <\/div>\n        <\/div>\n    <\/div>\n    <!-- End Services Area -->\n    \n\t\t<\/div>\n\t\t\t\t<\/div>\n\t\t\t\t\t<\/div>\n\t\t<\/div>\n\t\t\t\t\t\t\t<\/div>\n\t\t<\/section>\n\t\t\t\t<section class=\"elementor-section elementor-top-section elementor-element elementor-element-0893115 elementor-section-boxed elementor-section-height-default elementor-section-height-default\" data-id=\"0893115\" data-element_type=\"section\">\n\t\t\t\t\t\t<div class=\"elementor-container elementor-column-gap-default\">\n\t\t\t\t\t<div class=\"elementor-column elementor-col-100 elementor-top-column elementor-element elementor-element-2777707\" data-id=\"2777707\" data-element_type=\"column\">\n\t\t\t<div class=\"elementor-widget-wrap\">\n\t\t\t\t\t\t\t\t\t<\/div>\n\t\t<\/div>\n\t\t\t\t\t\t\t<\/div>\n\t\t<\/section>\n\t\t\t\t\t\t\t<\/div>\n\t\t","protected":false},"excerpt":{"rendered":"<p>ADJUNTAMOS PORTFOLIO DE OPERACIONES DE REAL STATE\u00a0 &#8211; HOTELERAS &#8211; RESIDENCIAL &#8211; TERCIARIO &#8211;\u00a0 SUELO RESIDENCIAL &#8211; LOG\u00cdSTICO E INMUEBLES LIGADOS A EXPLOTACI\u00d3N ECON\u00d3MICA (ILE) PAIS, ETC.. WE ATTACH PORTFOLIO OF OPERATIONS OF REAL STATE &#8211; HOTEL &#8211; RESIDENTIAL &#8211; TERTIARY &#8211; RESIDENTIAL LAND &#8211;\u00a0 LOGISTICS AND REAL ESTATE LINKED TO ECONOMIC EXPLOITATION (ILE) &#8211; [&hellip;]<\/p>\n","protected":false},"author":1,"featured_media":1656,"parent":0,"menu_order":0,"comment_status":"closed","ping_status":"closed","template":"page-templates\/pages-image.php","meta":{"footnotes":""},"class_list":["post-1715","page","type-page","status-publish","has-post-thumbnail","hentry"],"_links":{"self":[{"href":"https:\/\/kitdigital.avanzadi.com\/firenze_web\/wp-json\/wp\/v2\/pages\/1715","targetHints":{"allow":["GET"]}}],"collection":[{"href":"https:\/\/kitdigital.avanzadi.com\/firenze_web\/wp-json\/wp\/v2\/pages"}],"about":[{"href":"https:\/\/kitdigital.avanzadi.com\/firenze_web\/wp-json\/wp\/v2\/types\/page"}],"author":[{"embeddable":true,"href":"https:\/\/kitdigital.avanzadi.com\/firenze_web\/wp-json\/wp\/v2\/users\/1"}],"replies":[{"embeddable":true,"href":"https:\/\/kitdigital.avanzadi.com\/firenze_web\/wp-json\/wp\/v2\/comments?post=1715"}],"version-history":[{"count":25,"href":"https:\/\/kitdigital.avanzadi.com\/firenze_web\/wp-json\/wp\/v2\/pages\/1715\/revisions"}],"predecessor-version":[{"id":1822,"href":"https:\/\/kitdigital.avanzadi.com\/firenze_web\/wp-json\/wp\/v2\/pages\/1715\/revisions\/1822"}],"wp:featuredmedia":[{"embeddable":true,"href":"https:\/\/kitdigital.avanzadi.com\/firenze_web\/wp-json\/wp\/v2\/media\/1656"}],"wp:attachment":[{"href":"https:\/\/kitdigital.avanzadi.com\/firenze_web\/wp-json\/wp\/v2\/media?parent=1715"}],"curies":[{"name":"wp","href":"https:\/\/api.w.org\/{rel}","templated":true}]}}