{"id":22,"date":"2022-01-26T15:34:23","date_gmt":"2022-01-26T15:34:23","guid":{"rendered":"https:\/\/wpriverthemes.com\/tandaelem\/?page_id=22"},"modified":"2023-07-10T08:18:02","modified_gmt":"2023-07-10T08:18:02","slug":"home-version-one","status":"publish","type":"page","link":"https:\/\/kitdigital.avanzadi.com\/firenze_web\/","title":{"rendered":"Home Version One"},"content":{"rendered":"\t\t<div data-elementor-type=\"wp-page\" data-elementor-id=\"22\" class=\"elementor elementor-22\">\n\t\t\t\t\t\t\t\t\t<section class=\"elementor-section elementor-top-section elementor-element elementor-element-d201244 elementor-section-full_width elementor-section-height-default elementor-section-height-default\" data-id=\"d201244\" data-element_type=\"section\">\n\t\t\t\t\t\t<div class=\"elementor-container elementor-column-gap-no\">\n\t\t\t\t\t<div class=\"elementor-column elementor-col-100 elementor-top-column elementor-element elementor-element-5188db4\" data-id=\"5188db4\" data-element_type=\"column\">\n\t\t\t<div class=\"elementor-widget-wrap\">\n\t\t\t\t\t\t\t\t\t<\/div>\n\t\t<\/div>\n\t\t\t\t\t\t\t<\/div>\n\t\t<\/section>\n\t\t\t\t<section class=\"elementor-section elementor-top-section elementor-element elementor-element-9b68ffd elementor-section-full_width elementor-section-height-default elementor-section-height-default\" data-id=\"9b68ffd\" data-element_type=\"section\">\n\t\t\t\t\t\t<div class=\"elementor-container elementor-column-gap-no\">\n\t\t\t\t\t<div class=\"elementor-column elementor-col-100 elementor-top-column elementor-element elementor-element-b5ec8ed\" data-id=\"b5ec8ed\" data-element_type=\"column\">\n\t\t\t<div class=\"elementor-widget-wrap elementor-element-populated\">\n\t\t\t\t\t\t\t\t<div class=\"elementor-element elementor-element-21b7214 elementor-widget elementor-widget-hero\" data-id=\"21b7214\" data-element_type=\"widget\" data-widget_type=\"hero.default\">\n\t\t\t\t<div class=\"elementor-widget-container\">\n\t\t\t\n       <!-- Start Banner \n        ============================================= -->\n        <div class=\"banner-area auto-height text-color bg-gray inc-shape\">\n            <div class=\"item\">\n                <div class=\"container\">\n                    <div class=\"row align-center\">\n                                        \n                        <div class=\"col-lg-6\">\n                            <div class=\"content\">\n                                <h4 class=\"wow fadeInUp\">CONSULTOR\u00cdA <\/h4>\n                                <h2 class=\"wow fadeInDown\"> PATRIMONIAL Y FINANCIERA <strong>FIRENZE S.L.<\/strong><\/h2>\n                                <p class=\"wow fadeInLeft\">\n                                                                    <\/p>\n                                                                <a class=\"btn circle btn-theme effect btn-md wow fadeInUp\" href=\"https:\/\/kitdigital.avanzadi.com\/firenze_web\/contacto\">Contacta con nosotros <i class=\"fas fa-arrow-alt-circle-right\"><\/i><\/a>\n                                                            <\/div>\n                        <\/div>\n                        <div class=\"col-lg-6 thumb\">\n                            <img decoding=\"async\" class=\"wow fadeInUp\" src=\"https:\/\/kitdigital.avanzadi.com\/firenze_web\/wp-content\/uploads\/2023\/06\/alicante-2-1.webp\" alt=\"Thumb\">\n                        <\/div>\n\n                    <\/div>\n                <\/div>\n            <\/div>\n        <\/div>\n    <!-- End Banner -->\n\n    \t\t<\/div>\n\t\t\t\t<\/div>\n\t\t\t\t\t<\/div>\n\t\t<\/div>\n\t\t\t\t\t\t\t<\/div>\n\t\t<\/section>\n\t\t\t\t<section class=\"elementor-section elementor-top-section elementor-element elementor-element-250ce9b elementor-section-boxed elementor-section-height-default elementor-section-height-default\" data-id=\"250ce9b\" data-element_type=\"section\">\n\t\t\t\t\t\t<div class=\"elementor-container elementor-column-gap-default\">\n\t\t\t\t\t<div class=\"elementor-column elementor-col-50 elementor-top-column elementor-element elementor-element-951f304\" data-id=\"951f304\" data-element_type=\"column\">\n\t\t\t<div class=\"elementor-widget-wrap\">\n\t\t\t\t\t\t\t\t\t<\/div>\n\t\t<\/div>\n\t\t\t\t<div class=\"elementor-column elementor-col-50 elementor-top-column elementor-element elementor-element-73a69ac\" data-id=\"73a69ac\" data-element_type=\"column\">\n\t\t\t<div class=\"elementor-widget-wrap\">\n\t\t\t\t\t\t\t\t\t<\/div>\n\t\t<\/div>\n\t\t\t\t\t\t\t<\/div>\n\t\t<\/section>\n\t\t\t\t<section class=\"elementor-section elementor-top-section elementor-element elementor-element-e98dff6 elementor-section-full_width elementor-section-height-default elementor-section-height-default\" data-id=\"e98dff6\" data-element_type=\"section\">\n\t\t\t\t\t\t<div class=\"elementor-container elementor-column-gap-no\">\n\t\t\t\t\t<div class=\"elementor-column elementor-col-100 elementor-top-column elementor-element elementor-element-2f93e45\" data-id=\"2f93e45\" data-element_type=\"column\">\n\t\t\t<div class=\"elementor-widget-wrap elementor-element-populated\">\n\t\t\t\t\t\t\t\t<div class=\"elementor-element elementor-element-c06db20 elementor-widget elementor-widget-choose\" data-id=\"c06db20\" data-element_type=\"widget\" data-widget_type=\"choose.default\">\n\t\t\t\t<div class=\"elementor-widget-container\">\n\t\t\t\n        <!-- Start Features \n    ============================================= -->\n    <div class=\"features-area overflow-hidden bg-gray default-padding\">\n        <!-- Fixed Shpae  -->\n        <div class=\"fixed-shape shape left bottom\">\n            <img decoding=\"async\" src=\"https:\/\/kitdigital.avanzadi.com\/firenze_web\/wp-content\/uploads\/2022\/01\/3-1.png\" alt=\"Shape\">\n        <\/div>\n        <!-- End Fixed Shpae  -->\n        <div class=\"container\">\n            <div class=\"row align-center\">\n                <div class=\"col-lg-5 why-us\">\n                    <h5>Actividad<\/h5>\n                    <h2>FIRENZE S.L.<\/h2>\n                    <p>\n                        Esta CONSULTORIA est\u00e1 especializada en base a la experiencia de sus Gestores a lo largo de m\u00e1s de 35 a\u00f1os en tener en cartera \u00f3 Porfolio de ACTIVOS en comercializaci\u00f3n y proyectos de Inversi\u00f3n de todo tipo; Residencial- Industrial- Log\u00edstico- Terciario \u2013 Proyectos Hotelero- Residencia de Estudiantes y el Sector Geriatr\u00edco; ; as\u00ed como Proyectos de RESIDENCIAL LIVING- Proyectos fotovolta\u00edcos.\nAs\u00ed como Activos Inmobiliarios en desarrollo con Proyectos Urbanos- PAI- UNIDAD DE ACTUACION- CAMPOS DE GOLF- ETC.\n                    <\/p>\n                                    <\/div>\n                <div class=\"col-lg-7 features-box text-center\">\n                    <div class=\"row\">\n                        \n                        <!-- Item Grid -->\n                        <div class=\"col-lg-6 col-md-6 item-grid\">\n                            <!-- Single Item -->\n                            <div class=\"item\">\n                                <i class=\"flaticon-cogwheel\"><\/i>\n                                <h5><a href=\"#\">Selecci\u00f3n de Activos<\/a><\/h5>\n                                <p>\n                                                                     <\/p>\n                            <\/div>\n                            <!-- End Single Item -->\n                            <!-- Single Item -->\n                            <div class=\"item\">\n                                <i class=\"flaticon-globe-grid\"><\/i>\n                                <h5><a href=\"#\">Due Diligence<\/a><\/h5>\n                                <p>\n                                                                     <\/p>\n                            <\/div>\n                            <!-- End Single Item -->\n                        <\/div>\n                        <!-- End Item Grid -->\n\n                        \n                        <!-- Item Grid -->\n                        <div class=\"col-lg-6 col-md-6 item-grid\">\n                            <!-- Single Item -->\n                            <div class=\"item\">\n                                <i class=\"flaticon-cloud-storage\"><\/i>\n                                <h5><a href=\"#\">Estrategia<\/a><\/h5>\n                                <p>\n                                                                     <\/p>\n                            <\/div>\n                            <!-- End Single Item -->\n                            <!-- Single Item -->\n                            <div class=\"item\">\n                                <i class=\"flaticon-backup\"><\/i>\n                                <h5><a href=\"#\">Equity Partnership<\/a><\/h5>\n                                <p>\n                                                                     <\/p>\n                            <\/div>\n                            <!-- End Single Item -->\n                        <\/div>\n                        <!-- End Item Grid -->\n\n                        \n                    <\/div>\n                <\/div>\n                \n            <\/div>\n        <\/div>\n    <\/div>\n    <!-- End Features Area -->\n       \n\n    \t\t<\/div>\n\t\t\t\t<\/div>\n\t\t\t\t\t<\/div>\n\t\t<\/div>\n\t\t\t\t\t\t\t<\/div>\n\t\t<\/section>\n\t\t\t\t<section class=\"elementor-section elementor-top-section elementor-element elementor-element-f3ad936 elementor-section-full_width elementor-section-height-default elementor-section-height-default\" data-id=\"f3ad936\" data-element_type=\"section\">\n\t\t\t\t\t\t<div class=\"elementor-container elementor-column-gap-no\">\n\t\t\t\t\t<div class=\"elementor-column elementor-col-100 elementor-top-column elementor-element elementor-element-9c1ed2f\" data-id=\"9c1ed2f\" data-element_type=\"column\">\n\t\t\t<div class=\"elementor-widget-wrap elementor-element-populated\">\n\t\t\t\t\t\t\t\t<div class=\"elementor-element elementor-element-17ff9d7 elementor-widget elementor-widget-work\" data-id=\"17ff9d7\" data-element_type=\"widget\" data-widget_type=\"work.default\">\n\t\t\t\t<div class=\"elementor-widget-container\">\n\t\t\t\n        <!-- Start Work Process \n    ============================================= -->\n    <div class=\"work-process-area overflow-hidden default-padding bottom-less\">\n        <div class=\"container\">\n            <div class=\"row\">\n                <div class=\"col-lg-8 offset-lg-2\">\n                    <div class=\"site-heading text-center\">\n                        <h4>COMMERCIAL REAL ESTATE<\/h4>\n                        <h2><\/h2>\n                    <\/div>\n                <\/div>\n            <\/div>\n        <\/div>\n        <div class=\"container-full\">\n            <div class=\"work-pro-items\">\n                <div class=\"row\">\n                                        <!-- Single Item -->\n                    <div class=\"single-item col-lg-3 col-md-6\">\n                        <div class=\"item\">\n                            <div class=\"item-inner\">\n                                <div class=\"icon\">\n                                    <i class=\"flaticon-select\"><\/i>\n                                    <span>01<\/span>\n                                <\/div>\n                                <h5>Project Management <\/h5>\n                                <p>\n                                    A-\tNuestro equipo ofrece un Project Management global en base a cada proyecto y diferenci\u00e1ndolo de manera individual cada uno de ellos; contando con profesionales internos y externos de primer nivel y con experiencia acreditada. \nEsto tiene consigo que nos apoyamos en equipos multidisciplinares y con libertad profesional de los mismos.\n                                <\/p>\n                            <\/div>\n                        <\/div>\n                    <\/div>\n                    <!-- End Single Item -->\n                                    <!-- Single Item -->\n                    <div class=\"single-item col-lg-3 col-md-6\">\n                        <div class=\"item\">\n                            <div class=\"item-inner\">\n                                <div class=\"icon\">\n                                    <i class=\"flaticon-video-call\"><\/i>\n                                    <span>02<\/span>\n                                <\/div>\n                                <h5>CPFF<\/h5>\n                                <p>\n                                    CPFF aplica una metodolog\u00eda de trabajo orientada a la consecuci\u00f3n de los \u00e9xitos de las operaciones que lleva a cabo.                                <\/p>\n                            <\/div>\n                        <\/div>\n                    <\/div>\n                    <!-- End Single Item -->\n                                    <!-- Single Item -->\n                    <div class=\"single-item col-lg-3 col-md-6\">\n                        <div class=\"item\">\n                            <div class=\"item-inner\">\n                                <div class=\"icon\">\n                                    <i class=\"flaticon-strategy\"><\/i>\n                                    <span>03<\/span>\n                                <\/div>\n                                <h5>Inmuebles ligados a explotaci\u00f3n econ\u00f3mica<\/h5>\n                                <p>\n                                    Otro punto que desarrollamos con \u00e9xito y con m\u00e1s de 25 a\u00f1os de experiencia en presentar \u201cILE\u201d Inmuebles ligados a explotaci\u00f3n econ\u00f3mica; los cuales desarrollamos todo el proceso de operaci\u00f3n, desarrollo y vinculaci\u00f3n de contratos de renta con obligado cumplimiento y con rentabilidades por encima de los tipos de inter\u00e9s. ( tanto a nivel retail- terciario- oficina- industrial, log\u00edstico y hotelero y otros sectores hosteler\u00eda etc.).                                <\/p>\n                            <\/div>\n                        <\/div>\n                    <\/div>\n                    <!-- End Single Item -->\n                                    <!-- Single Item -->\n                    <div class=\"single-item col-lg-3 col-md-6\">\n                        <div class=\"item\">\n                            <div class=\"item-inner\">\n                                <div class=\"icon\">\n                                    <i class=\"flaticon-help\"><\/i>\n                                    <span>04<\/span>\n                                <\/div>\n                                <h5>Asesoramiento financiero<\/h5>\n                                <p>\n                                    Asesoramiento Financiero en Inversiones de Financiaci\u00f3n tanto de Activo como de Pasivo                                <\/p>\n                            <\/div>\n                        <\/div>\n                    <\/div>\n                    <!-- End Single Item -->\n                                <\/div>\n            <\/div>\n        <\/div>\n    <\/div>\n    <!-- End Work Process Area -->\n\n    \t\t<\/div>\n\t\t\t\t<\/div>\n\t\t\t\t\t<\/div>\n\t\t<\/div>\n\t\t\t\t\t\t\t<\/div>\n\t\t<\/section>\n\t\t\t\t<section class=\"elementor-section elementor-top-section elementor-element elementor-element-7d434f8 elementor-section-full_width elementor-section-height-default elementor-section-height-default\" data-id=\"7d434f8\" data-element_type=\"section\">\n\t\t\t\t\t\t<div class=\"elementor-container elementor-column-gap-no\">\n\t\t\t\t\t<div class=\"elementor-column elementor-col-100 elementor-top-column elementor-element elementor-element-b0ae6ec\" data-id=\"b0ae6ec\" data-element_type=\"column\">\n\t\t\t<div class=\"elementor-widget-wrap elementor-element-populated\">\n\t\t\t\t\t\t\t\t<div class=\"elementor-element elementor-element-49d1cd0 elementor-widget elementor-widget-work_about\" data-id=\"49d1cd0\" data-element_type=\"widget\" id=\"seccionContactoInicio\" data-widget_type=\"work_about.default\">\n\t\t\t\t<div class=\"elementor-widget-container\">\n\t\t\t\n\n        <!-- Start Works About \n    ============================================= -->\n    <div class=\"works-about-area overflow-hidden\">\n        <div class=\"container\">\n            <div class=\"works-about-items default-padding\">\n                <div class=\"row align-center\">\n                    <div class=\"col-lg-6 info\">\n                        <h5>Contacto<\/h5>\n                        <h2>Ponte en contacto con nosotros<br><\/h2>\n                        <p>\n                             Si tienes alguna duda o quieres saber m\u00e1s sobre nuestros servicios env\u00edanos un email y nos pondremos en contacto contigo lo antes posible.<\/p>\n                        <ul>\n                                                        <li>\n                                <h5>100% Client Satisfaction<\/h5>\n                            <\/li>\n                                                        <li>\n                                <h5>World Class Worker<\/h5>\n                            <\/li>\n                                                    <\/ul>\n                                                <a href=\"https:\/\/kitdigital.avanzadi.com\/contacto\" class=\"btn btn-theme effect btn-sm\">Contactar<\/a>\n                                             <\/div>\n                    <div class=\"col-lg-6\">\n                        <div class=\"thumb\">\n                            <img decoding=\"async\" src=\"https:\/\/kitdigital.avanzadi.com\/firenze_web\/wp-content\/uploads\/2023\/05\/fonfoFirenze.jpg\" alt=\"Thumb\">\n                            <div class=\"fun-fact\">\n                                <div class=\"timer\" data-to=\"\" data-speed=\"5000\"><\/div>\n                                <span class=\"medium\">Firenze S.L.<\/span>\n                            <\/div>\n                        <\/div>\n                    <\/div>\n                <\/div>\n            <\/div>\n        <\/div>\n    <\/div>\n    <!-- End Works About Area -->\n       \n\n    \t\t<\/div>\n\t\t\t\t<\/div>\n\t\t\t\t\t<\/div>\n\t\t<\/div>\n\t\t\t\t\t\t\t<\/div>\n\t\t<\/section>\n\t\t\t\t\t\t\t<\/div>\n\t\t","protected":false},"excerpt":{"rendered":"<p>CONSULTOR\u00cdA PATRIMONIAL Y FINANCIERA FIRENZE S.L. Contacta con nosotros Actividad FIRENZE S.L. Esta CONSULTORIA est\u00e1 especializada en base a la experiencia de sus Gestores a lo largo de m\u00e1s de 35 a\u00f1os en tener en cartera \u00f3 Porfolio de ACTIVOS en comercializaci\u00f3n y proyectos de Inversi\u00f3n de todo tipo; Residencial- Industrial- Log\u00edstico- Terciario \u2013 Proyectos [&hellip;]<\/p>\n","protected":false},"author":1,"featured_media":0,"parent":0,"menu_order":0,"comment_status":"closed","ping_status":"closed","template":"page-templates\/home1.php","meta":{"footnotes":""},"class_list":["post-22","page","type-page","status-publish","hentry"],"_links":{"self":[{"href":"https:\/\/kitdigital.avanzadi.com\/firenze_web\/wp-json\/wp\/v2\/pages\/22","targetHints":{"allow":["GET"]}}],"collection":[{"href":"https:\/\/kitdigital.avanzadi.com\/firenze_web\/wp-json\/wp\/v2\/pages"}],"about":[{"href":"https:\/\/kitdigital.avanzadi.com\/firenze_web\/wp-json\/wp\/v2\/types\/page"}],"author":[{"embeddable":true,"href":"https:\/\/kitdigital.avanzadi.com\/firenze_web\/wp-json\/wp\/v2\/users\/1"}],"replies":[{"embeddable":true,"href":"https:\/\/kitdigital.avanzadi.com\/firenze_web\/wp-json\/wp\/v2\/comments?post=22"}],"version-history":[{"count":34,"href":"https:\/\/kitdigital.avanzadi.com\/firenze_web\/wp-json\/wp\/v2\/pages\/22\/revisions"}],"predecessor-version":[{"id":1779,"href":"https:\/\/kitdigital.avanzadi.com\/firenze_web\/wp-json\/wp\/v2\/pages\/22\/revisions\/1779"}],"wp:attachment":[{"href":"https:\/\/kitdigital.avanzadi.com\/firenze_web\/wp-json\/wp\/v2\/media?parent=22"}],"curies":[{"name":"wp","href":"https:\/\/api.w.org\/{rel}","templated":true}]}}