{"id":3,"date":"2023-05-18T10:46:37","date_gmt":"2023-05-18T10:46:37","guid":{"rendered":"https:\/\/kitdigital.avanzadi.com\/firenze_web\/?page_id=3"},"modified":"2023-07-10T08:25:37","modified_gmt":"2023-07-10T08:25:37","slug":"politica-privacidad-aviso-legal","status":"publish","type":"page","link":"https:\/\/kitdigital.avanzadi.com\/firenze_web\/politica-privacidad-aviso-legal\/","title":{"rendered":"Pol\u00edtica de privacidad y Aviso legal"},"content":{"rendered":"\t\t<div data-elementor-type=\"wp-page\" data-elementor-id=\"3\" class=\"elementor elementor-3\">\n\t\t\t\t\t\t\t\t\t<section class=\"elementor-section elementor-top-section elementor-element elementor-element-6526d9ee elementor-section-boxed elementor-section-height-default elementor-section-height-default\" data-id=\"6526d9ee\" data-element_type=\"section\">\n\t\t\t\t\t\t<div class=\"elementor-container elementor-column-gap-default\">\n\t\t\t\t\t<div class=\"elementor-column elementor-col-100 elementor-top-column elementor-element elementor-element-5c0eb0bf\" data-id=\"5c0eb0bf\" data-element_type=\"column\">\n\t\t\t<div class=\"elementor-widget-wrap elementor-element-populated\">\n\t\t\t\t\t\t\t\t<div class=\"elementor-element elementor-element-3f3f4643 elementor-widget elementor-widget-text-editor\" data-id=\"3f3f4643\" data-element_type=\"widget\" data-widget_type=\"text-editor.default\">\n\t\t\t\t<div class=\"elementor-widget-container\">\n\t\t\t<style>\/*! elementor - v3.13.2 - 11-05-2023 *\/\n.elementor-widget-text-editor.elementor-drop-cap-view-stacked .elementor-drop-cap{background-color:#69727d;color:#fff}.elementor-widget-text-editor.elementor-drop-cap-view-framed .elementor-drop-cap{color:#69727d;border:3px solid;background-color:transparent}.elementor-widget-text-editor:not(.elementor-drop-cap-view-default) .elementor-drop-cap{margin-top:8px}.elementor-widget-text-editor:not(.elementor-drop-cap-view-default) .elementor-drop-cap-letter{width:1em;height:1em}.elementor-widget-text-editor .elementor-drop-cap{float:left;text-align:center;line-height:1;font-size:50px}.elementor-widget-text-editor .elementor-drop-cap-letter{display:inline-block}<\/style>\t\t\t\t<p><!-- wp:paragraph --><\/p>\n<p><strong>T\u00c9RMINOS Y CONDICIONES<\/strong><\/p>\n<p><!-- \/wp:paragraph --><\/p>\n<p><!-- wp:paragraph --><\/p>\n<p><strong>AVISO LEGAL Y CONDICIONES GENERALES DE USO DE LA P\u00c1GINA WEB WWW.FIRENZE.COM, DE SERVICIOS INFORM\u00c1TICOS PATRIMONIAL Y FINANCIERA FIRENZE SL.<\/strong><\/p>\n<p><!-- \/wp:paragraph --><\/p>\n<p><!-- wp:paragraph --><\/p>\n<p><strong>1.- TITULARIDAD DE LA P\u00c1GINA WEB<\/strong><\/p>\n<p><!-- \/wp:paragraph --><\/p>\n<p><!-- wp:paragraph --><\/p>\n<p>PATRIMONIAL Y FINANCIERA FIRENZE SL con domicilio social en Avenida Catalu\u00f1a 11, 2-3\u00aa B, 03540, Alicante, con CIF B01673649, es la titular de la p\u00e1gina web https:\/\/www.firenze.com (en lo sucesivo, la p\u00e1gina web) poniendo a disposici\u00f3n de los usuarios de Internet la misma, con el fin de proporcionar informaci\u00f3n sobre los servicios que presta la compa\u00f1\u00eda y las marcas que comercializa.<\/p>\n<p><!-- \/wp:paragraph --><\/p>\n<p><!-- wp:paragraph --><\/p>\n<p><strong>2.- CONDICIONES GENERALES DE UTILIZACI\u00d3N Y ACEPTACI\u00d3N DE LAS MISMAS<\/strong><\/p>\n<p><!-- \/wp:paragraph --><\/p>\n<p><!-- wp:paragraph --><\/p>\n<p>Las presentes condiciones generales de utilizaci\u00f3n de la p\u00e1gina web junto con las condiciones particulares que puedan establecerse, tienen por finalidad la regulaci\u00f3n e informaci\u00f3n a los usuarios de las marcas que comercializa la compa\u00f1\u00eda PATRIMONIAL Y FINANCIERA FIRENZE SL y la regulaci\u00f3n del uso de la p\u00e1gina web.<\/p>\n<p><!-- \/wp:paragraph --><\/p>\n<p><!-- wp:paragraph --><\/p>\n<p>La navegaci\u00f3n y la utilizaci\u00f3n de los servicios de la p\u00e1gina web suponen la aceptaci\u00f3n como Usuario y sin reservas de ning\u00fan tipo, de todas las condiciones generales de utilizaci\u00f3n, de las condiciones generales de contrataci\u00f3n si las hubiera y cualesquiera otras que puedan existir en relaci\u00f3n con la prestaci\u00f3n de servicios de PATRIMONIAL Y FINANCIERA FIRENZE SL.<\/p>\n<p><!-- \/wp:paragraph --><\/p>\n<p><!-- wp:paragraph --><\/p>\n<p>PATRIMONIAL Y FINANCIERA FIRENZE SL podr\u00e1 en todo momento y sin previo aviso, modificar las presentes condiciones generales y las condiciones particulares que se incluyan mediante la publicaci\u00f3n de las citadas modificaciones en la p\u00e1gina web a fin de que sean conocidas con car\u00e1cter previo por los usuarios. Cualquier cambio que se produzca en \u00e9stas ser\u00e1 comunicado en la p\u00e1gina principal de la web durante un plazo que se entienda razonable.<\/p>\n<p><!-- \/wp:paragraph --><\/p>\n<p><!-- wp:paragraph --><\/p>\n<p><strong>CONDICIONES GENERALES DE UTILIZACI\u00d3N DE LA P\u00c1GINA WEB<\/strong><\/p>\n<p><!-- \/wp:paragraph --><\/p>\n<p><!-- wp:paragraph --><\/p>\n<p><strong>1.- CONSENTIMIENTO DEL USUARIO Y ENV\u00cdO DE COMUNICACIONES COMERCIALES POR V\u00cdA ELECTR\u00d3NICA (ART. 22 LEY 34\/2002 DE SERVICIOS DE LA SOCIEDAD DE LA INFORMACI\u00d3N Y DE COMERCIO ELECTR\u00d3NICO):<\/strong><\/p>\n<p><!-- \/wp:paragraph --><\/p>\n<p><!-- wp:paragraph --><\/p>\n<p>PATRIMONIAL Y FINANCIERA FIRENZE SL podr\u00e1 enviar comunicaciones comerciales por cualquier medio con pleno respeto a la legislaci\u00f3n que en materia de protecci\u00f3n de datos personales se encuentre vigente. Para las comunicaciones comerciales realizadas a trav\u00e9s del correo electr\u00f3nico y medios equivalentes en cumplimiento de lo dispuesto en la Ley 34\/2002, de 11 de julio, de Servicios de la Sociedad de la Informaci\u00f3n y de Comercio Electr\u00f3nico, ser\u00e1 debidamente recabado el consentimiento del Usuario en el momento de recoger los datos correspondientes. Si usted deseara oponerse al env\u00edo de comunicaciones por v\u00eda electr\u00f3nica, podr\u00e1 ejercer su derecho de oposici\u00f3n en el momento de la recogida de sus datos indic\u00e1ndolo en el propio correo electr\u00f3nico. Asimismo, si usted desease revocar en cualquier momento dicho consentimiento para la recepci\u00f3n mediante correo electr\u00f3nico de informaciones publicitarias o promocionales, ser\u00e1 suficiente a tales efectos con que lo notifique a AVANZADI INNOVACI\u00d3N DIGITAL SL. Durante el proceso de recogida de datos, y en aquel lugar de la p\u00e1gina web en el que se soliciten los mismos, el Usuario ser\u00e1 convenientemente informado mediante un hiperv\u00ednculo o mediante la inclusi\u00f3n de la informaci\u00f3n en el propio formulario, del car\u00e1cter obligatorio o no de recogida de tales datos para la prestaci\u00f3n de servicios as\u00ed como de los presentes derechos.<\/p>\n<p><!-- \/wp:paragraph --><\/p>\n<p><!-- wp:paragraph --><\/p>\n<p><strong>2.- PROPIEDAD INDUSTRIAL E INTELECTUAL. POL\u00cdTICA DE HIPERENLACES<\/strong><\/p>\n<p><!-- \/wp:paragraph --><\/p>\n<p><!-- wp:paragraph --><\/p>\n<p>2.1.- Todos los contenidos incluidos en la p\u00e1gina web y en particular las marcas, nombres comerciales, dise\u00f1os industriales, dise\u00f1os, textos, fotograf\u00edas, gr\u00e1ficos, logotipos, iconos, software o cualesquiera otros signos susceptibles de utilizaci\u00f3n industrial y comercial est\u00e1n protegidos por derechos de propiedad industrial e intelectual de PATRIMONIAL Y FINANCIERA FIRENZE SL, o de terceros titulares de los mismos que han autorizado su inclusi\u00f3n en la p\u00e1gina web. Queda por lo tanto prohibida cualquier utilizaci\u00f3n, y\/o reproducci\u00f3n de los mismos sin consentimiento expreso de PATRIMONIAL Y FINANCIERA FIRENZE SL.<\/p>\n<p><!-- \/wp:paragraph --><\/p>\n<p><!-- wp:paragraph --><\/p>\n<p>2.2.- PATRIMONIAL Y FINANCIERA FIRENZE SL no ser\u00e1 responsable de la infracci\u00f3n de los derechos de propiedad intelectual o industrial de terceros que pudieran derivarse de la inclusi\u00f3n en la p\u00e1gina web de marcas, nombres comerciales, dise\u00f1os industriales, patentes, dise\u00f1os, textos, fotograf\u00edas, gr\u00e1ficos, logotipos, iconos o software pertenecientes a terceros que hayan declarado ser titulares de los mismos al incluirlos en la p\u00e1gina web.<\/p>\n<p><!-- \/wp:paragraph --><\/p>\n<p><!-- wp:paragraph --><\/p>\n<p>2.3.- En ning\u00fan caso se entender\u00e1 que el acceso y la navegaci\u00f3n del Usuario implica una autorizaci\u00f3n o que se efect\u00faa renuncia, transmisi\u00f3n, cesi\u00f3n total o parcial de dichos derechos ni la concesi\u00f3n de ning\u00fan derecho ni expectativa de derecho y en concreto, de la alteraci\u00f3n, transformaci\u00f3n, explotaci\u00f3n, reproducci\u00f3n, distribuci\u00f3n o comunicaci\u00f3n p\u00fablica sobre dichos contenidos sin la previa autorizaci\u00f3n expresa de PATRIMONIAL Y FINANCIERA FIRENZE SL o de los titulares correspondientes.<\/p>\n<p><!-- \/wp:paragraph --><\/p>\n<p><!-- wp:paragraph --><\/p>\n<p>2.4.- PATRIMONIAL Y FINANCIERA FIRENZE SL no autoriza el establecimiento de v\u00ednculos a su Portal a menos que se solicite de forma expresa el consentimiento.<\/p>\n<p><!-- \/wp:paragraph --><\/p>\n<p><!-- wp:paragraph --><\/p>\n<p>PATRIMONIAL Y FINANCIERA FIRENZE SL valorar\u00e1 si las p\u00e1ginas de origen desde las que se pretende enlazar, re\u00fanen las condiciones para la citada autorizaci\u00f3n.<\/p>\n<p><!-- \/wp:paragraph --><\/p>\n<p><!-- wp:paragraph --><\/p>\n<p>2.5. PATRIMONIAL Y FINANCIERA FIRENZE SL no ser\u00e1 responsable del contenido de las p\u00e1ginas web de destino que se establezcan mediante v\u00ednculos en la p\u00e1gina web ni tampoco de las infracciones de derechos de terceros en las que dichas p\u00e1ginas pudieran incurrir.<\/p>\n<p><!-- \/wp:paragraph --><\/p>\n<p><!-- wp:paragraph --><\/p>\n<p><strong>3.- RESPONSABILIDAD DE PATRIMONIAL Y FINANCIERA FIRENZE SL<\/strong><\/p>\n<p><!-- \/wp:paragraph --><\/p>\n<p><!-- wp:paragraph --><\/p>\n<p>El Usuario reconoce y acepta que la utilizaci\u00f3n de la p\u00e1gina web y de sus servicios se realiza bajo su entera responsabilidad.<\/p>\n<p><!-- \/wp:paragraph --><\/p>\n<p><!-- wp:paragraph --><\/p>\n<p>PATRIMONIAL Y FINANCIERA FIRENZE SL \u00fanicamente responder\u00e1 de los da\u00f1os que el Usuario pueda sufrir como consecuencia de la utilizaci\u00f3n de la p\u00e1gina web cuando dichos da\u00f1os sean imputables a una actuaci\u00f3n dolosa de PATRIMONIAL Y FINANCIERA FIRENZE SL. No obstante, declara haber adoptado todas las medidas necesarias, dentro de sus posibilidades y del estado de la tecnolog\u00eda, para garantizar el funcionamiento de la p\u00e1gina web y evitar la existencia y transmisi\u00f3n de virus y otros componentes que puedan perjudicar al Usuario.<\/p>\n<p><!-- \/wp:paragraph --><\/p>\n<p><!-- wp:paragraph --><\/p>\n<p><strong>4.-OBLIGACIONES DEL USUARIO<\/strong><\/p>\n<p><!-- \/wp:paragraph --><\/p>\n<p><!-- wp:paragraph --><\/p>\n<p>El Usuario se obliga a usar los contenidos de la p\u00e1gina web de forma diligente, correcta y l\u00edcita y se compromete a abstenerse de:<\/p>\n<p><!-- \/wp:paragraph --><\/p>\n<p><!-- wp:paragraph --><\/p>\n<p>a) Utilizar los contenidos con fines o efectos contrarios a la ley, a la moral y a las buenas costumbres o al orden p\u00fablico.<\/p>\n<p><!-- \/wp:paragraph --><\/p>\n<p><!-- wp:paragraph --><\/p>\n<p>b) Reproducir, copiar, distribuir, permitir el acceso del p\u00fablico a trav\u00e9s de cualquier modalidad de comunicaci\u00f3n p\u00fablica, transformar o modificar los contenidos, a menos que se cuente con la correspondiente autorizaci\u00f3n de su titular.<\/p>\n<p><!-- \/wp:paragraph --><\/p>\n<p><!-- wp:paragraph --><\/p>\n<p>c) Utilizar los contenidos de la p\u00e1gina web para remitir publicidad, comunicaciones con fines de venta directa o con cualquier otra clase de finalidad comercial, mensajes no solicitados dirigidos a una pluralidad de personas con independencia de su finalidad, as\u00ed como a abstenerse de comercializar o divulgar de cualquier modo dicha informaci\u00f3n.<\/p>\n<p><!-- \/wp:paragraph --><\/p>\n<p><!-- wp:paragraph --><\/p>\n<p><strong>5.- POL\u00cdTICA EN PROTECCI\u00d3N DE DATOS<\/strong><\/p>\n<p><!-- \/wp:paragraph --><\/p>\n<p><!-- wp:paragraph --><\/p>\n<p>PATRIMONIAL Y FINANCIERA FIRENZE SL cumple con la normativa vigente establecida en la Ley 15\/1999 de Protecci\u00f3n de datos de car\u00e1cter personal, LOPD, y dem\u00e1s legislaci\u00f3n que la desarrolla. Con car\u00e1cter previo, se pone de manifiesto que para el acceso a determinada informaci\u00f3n y contenido, el Usuario deber\u00e1 previamente darse de alta como tal, debiendo aceptar en la forma establecida en el mismo, de acuerdo con la LOPD, el tratamiento de sus datos personales, para poder ser incorporado a nuestro fichero. PATRIMONIAL Y FINANCIERA FIRENZE SL se compromete a cancelar los datos personales cuando hayan dejado de ser necesarios o pertinentes para la finalidad para la cual fueron recogidos a trav\u00e9s del formulario habilitado a tal efecto y a atender a las peticiones de informaci\u00f3n solicitadas por el Usuario, siendo el responsable del tratamiento PATRIMONIAL Y FINANCIERA FIRENZE SL. De otra parte se informa a los Usuarios del uso de cookies para obtener informaci\u00f3n y realizar an\u00e1lisis estad\u00edsticos sobre el uso de nuestro sitio web. Las cookies que utiliza PATRIMONIAL Y FINANCIERA FIRENZE SL son an\u00f3nimas y no se refieren a los datos personales del Usuario ni se puede acceder a trav\u00e9s de las mismas a datos del disco duro del Usuario. La identidad del Usuario nunca es insertada directamente en la cookie y por tanto no se le puede identificar. El protocolo utilizado se trata de un protocolo sin estado, lo que significa que se carece de medios para relacionar la informaci\u00f3n concerniente a una petici\u00f3n con otra petici\u00f3n anterior o posterior. Este protocolo no conoce a la persona a quien est\u00e1 enviando una p\u00e1gina ni cu\u00e1ntas p\u00e1ginas le haya podido enviar, incluso aunque nos hayamos conectado escasamente algunos segundos antes, ya que cada petici\u00f3n de la p\u00e1gina se procesa independientemente.<\/p>\n<p><!-- \/wp:paragraph --><\/p>\n<p><!-- wp:paragraph --><\/p>\n<p><strong>6.- LEGISLACI\u00d3N APLICABLE<\/strong><\/p>\n<p><!-- \/wp:paragraph --><\/p>\n<p><!-- wp:paragraph --><\/p>\n<p>Las relaciones establecidas entre el Usuario y el titular de la p\u00e1gina web se regir\u00e1n por lo dispuesto en la normativa vigente acerca de la legislaci\u00f3n aplicable y la jurisdicci\u00f3n competente. No obstante, para los casos en los que la normativa permita la posibilidad a las partes de someterse voluntariamente a un fuero.<\/p>\n<p><!-- \/wp:paragraph --><\/p>\n<p><!-- wp:paragraph --><\/p>\n<p>En todo caso ser\u00e1n aplicables las normas del Ordenamiento Jur\u00eddico Espa\u00f1ol.<\/p>\n<p><!-- \/wp:paragraph --><\/p>\t\t\t\t\t\t<\/div>\n\t\t\t\t<\/div>\n\t\t\t\t\t<\/div>\n\t\t<\/div>\n\t\t\t\t\t\t\t<\/div>\n\t\t<\/section>\n\t\t\t\t\t\t\t<\/div>\n\t\t","protected":false},"excerpt":{"rendered":"<p>T\u00c9RMINOS Y CONDICIONES AVISO LEGAL Y CONDICIONES GENERALES DE USO DE LA P\u00c1GINA WEB WWW.FIRENZE.COM, DE SERVICIOS INFORM\u00c1TICOS PATRIMONIAL Y FINANCIERA FIRENZE SL. 1.- TITULARIDAD DE LA P\u00c1GINA WEB PATRIMONIAL Y FINANCIERA FIRENZE SL con domicilio social en Avenida Catalu\u00f1a 11, 2-3\u00aa B, 03540, Alicante, con CIF B01673649, es la titular de la p\u00e1gina web [&hellip;]<\/p>\n","protected":false},"author":1,"featured_media":0,"parent":0,"menu_order":0,"comment_status":"closed","ping_status":"closed","template":"page-templates\/pages-image.php","meta":{"footnotes":""},"class_list":["post-3","page","type-page","status-publish","hentry"],"_links":{"self":[{"href":"https:\/\/kitdigital.avanzadi.com\/firenze_web\/wp-json\/wp\/v2\/pages\/3","targetHints":{"allow":["GET"]}}],"collection":[{"href":"https:\/\/kitdigital.avanzadi.com\/firenze_web\/wp-json\/wp\/v2\/pages"}],"about":[{"href":"https:\/\/kitdigital.avanzadi.com\/firenze_web\/wp-json\/wp\/v2\/types\/page"}],"author":[{"embeddable":true,"href":"https:\/\/kitdigital.avanzadi.com\/firenze_web\/wp-json\/wp\/v2\/users\/1"}],"replies":[{"embeddable":true,"href":"https:\/\/kitdigital.avanzadi.com\/firenze_web\/wp-json\/wp\/v2\/comments?post=3"}],"version-history":[{"count":7,"href":"https:\/\/kitdigital.avanzadi.com\/firenze_web\/wp-json\/wp\/v2\/pages\/3\/revisions"}],"predecessor-version":[{"id":1782,"href":"https:\/\/kitdigital.avanzadi.com\/firenze_web\/wp-json\/wp\/v2\/pages\/3\/revisions\/1782"}],"wp:attachment":[{"href":"https:\/\/kitdigital.avanzadi.com\/firenze_web\/wp-json\/wp\/v2\/media?parent=3"}],"curies":[{"name":"wp","href":"https:\/\/api.w.org\/{rel}","templated":true}]}}